

{"id":8,"date":"2021-04-27T11:59:54","date_gmt":"2021-04-27T11:59:54","guid":{"rendered":"https:\/\/www.in-magazines.com\/magazine\/?page_id=8"},"modified":"2024-07-02T14:07:03","modified_gmt":"2024-07-02T14:07:03","slug":"magazin","status":"publish","type":"page","link":"https:\/\/www.in-magazines.com\/magazine\/","title":{"rendered":"Les revues"},"content":{"rendered":"\n<h1 class=\"mb-md-5 mb-4 text-center\"> <span class=\"d-block mb-4\">\n<span style=\"opacity: 0;visibility: hidden;font-size: 0;display: block;\">IN MAGAZINE<\/span>\n<img decoding=\"async\" alt=\"IN MAGAZINE\" class=\"image-fluid\" style=\"max-width: 354px;\" src=\"https:\/\/www.in-magazines.com\/magazine\/wp-content\/uploads\/2021\/05\/inmag-gold-w.png\"><\/span><\/h1>\n<div class=\"row intro mb-5 pb-sm-4 pb-0\">\n    <div class=\"col-md-6\">\n        <p class=\"mb-4 text-white fs-20 lh-normal\">\n            <strong><span class=\"text-golden text-gold\">IN Magazine <\/span><\/strong>vous emm\u00e8ne tous les deux mois \u00e0 la rencontre des entreprises et de tous ceux qui font l\u2019\u00e9conomie et l\u2019attractivit\u00e9 de la R\u00e9gion Sud.<\/p>\n        <p class=\"text-white fs-20 lh-normal\">A chaque parution, retrouvez nos <strong>dossiers sp\u00e9ciaux<\/strong> (RSE, B to B, Bus<strong class=\"text-gold\">IN<\/strong>ess Stories\u2026) les \u00e9v\u00e9nements de <strong class=\"text-gold\">IN<\/strong> Club et le lifestyle azur\u00e9en, <strong class=\"text-gold\">IN<\/strong>spir\u00e9, <strong class=\"text-gold\">IN<\/strong>tense, rafraichissant !<br> <\/p>\n\n    <\/div>\n    <div class=\"contact-eric col-md-6 d-flex align-items-start \">\n        <div class=\"pr-4\"><img decoding=\"async\" alt=\"IN Club\" class=\"image-fluid\" style=\"max-width: 354px;\" src=\"http:\/\/www.in-magazines.com\/magazine\/wp-content\/uploads\/2024\/07\/ERIC-POTTIER.jpg\"><\/div>\n        <div class=\"\">\n            <p class=\"text-gold ff-Mont-bold lh-100 mb-1 fs-28\">Vous souhaitez devenir partenaires ?<\/p>\n            <div class=\"fs-22 lh-normal mb-2 contact-phone\">\n                <span class=\"mb-1 d-block\">Contactez Eric Pottier<\/span>\n                <span class=\"mb-1 d-block text-white phone\" style=\"color: #ffffff !important;\">0609860303<\/span>\n                <span class=\"mb-1 d-block text-white phone\" style=\"color: #ffffff !important;\">0983792956<\/span>\n\t\t<div class=\"phone-mobile\" style=\"display:none\">\n\t\t    <img decoding=\"async\" src=\"https:\/\/www.in-magazines.com\/magazine\/wp-content\/uploads\/2021\/12\/num-tel.png\" alt=\"0609860303-0983792956\" style=\"color: #fff; font-family: montserrat-bold,Arial;font-size: 25px;\">\n\t\t<\/div>\n\t    <\/div>\n            <p class=\"lh-normal\"><a href=\"mailto:commercial@in-magazines.com \" title=\"commercial@in-magazines.com \" class=\"text-white text-decoration-none\" style=\"font-size: 16px;\">commercial@in-magazines.com\n                <\/a><\/p>\n        <\/div>\n    <\/div>\n<\/div>\n","protected":false},"excerpt":{"rendered":"<p>IN MAGAZINE IN Magazine vous emm&egrave;ne tous les deux mois &agrave; la rencontre des entreprises et de tous ceux qui font l&rsquo;&eacute;conomie et l&rsquo;attractivit&eacute; de la R&eacute;gion Sud. A chaque parution, retrouvez nos dossiers sp&eacute;ciaux (RSE, B to B, BusINess Stories&hellip;) les &eacute;v&eacute;nements de IN Club et le lifestyle azur&eacute;en, INspir&eacute;, INtense, rafraichissant ! Vous&hellip; <a class=\"more-link\" href=\"https:\/\/www.in-magazines.com\/magazine\/\">Poursuivre la lecture <span class=\"screen-reader-text\">Les revues<\/span><\/a><\/p>\n","protected":false},"author":1,"featured_media":0,"parent":0,"menu_order":0,"comment_status":"closed","ping_status":"closed","template":"template-home.php","meta":{"footnotes":""},"yoast_head":"<!-- This site is optimized with the Yoast SEO plugin v16.2 - https:\/\/yoast.com\/wordpress\/plugins\/seo\/ -->\n<title>Le magazine des entreprises | IN Magazine<\/title>\n<meta name=\"description\" content=\"Le magazine en ligne IN Magazine vous accompagne tous les deux mois \u00e0 rencontrer des entreprises et de vous faire conna\u00eetre leurs activit\u00e9s.\" \/>\n<meta name=\"robots\" content=\"index, follow, max-snippet:-1, max-image-preview:large, max-video-preview:-1\" \/>\n<link rel=\"canonical\" href=\"https:\/\/www.in-magazines.com\/magazine\/\" \/>\n<meta property=\"og:locale\" content=\"fr_FR\" \/>\n<meta property=\"og:type\" content=\"article\" \/>\n<meta property=\"og:title\" content=\"Le magazine des entreprises | IN Magazine\" \/>\n<meta property=\"og:description\" content=\"Le magazine en ligne IN Magazine vous accompagne tous les deux mois \u00e0 rencontrer des entreprises et de vous faire conna\u00eetre leurs activit\u00e9s.\" \/>\n<meta property=\"og:url\" content=\"https:\/\/www.in-magazines.com\/magazine\/\" \/>\n<meta property=\"og:site_name\" content=\"In Magazines\" \/>\n<meta property=\"article:modified_time\" content=\"2024-07-02T14:07:03+00:00\" \/>\n<meta property=\"og:image\" content=\"https:\/\/www.in-magazines.com\/magazine\/wp-content\/uploads\/2021\/05\/inmag-gold-w.png\" \/>\n<meta name=\"twitter:label1\" content=\"Dur\u00e9e de lecture est.\">\n\t<meta name=\"twitter:data1\" content=\"1 minute\">\n<script type=\"application\/ld+json\" class=\"yoast-schema-graph\">{\"@context\":\"https:\/\/schema.org\",\"@graph\":[{\"@type\":\"WebSite\",\"@id\":\"https:\/\/www.in-magazines.com\/magazine\/#website\",\"url\":\"https:\/\/www.in-magazines.com\/magazine\/\",\"name\":\"In Magazines\",\"description\":\"\",\"potentialAction\":[{\"@type\":\"SearchAction\",\"target\":\"https:\/\/www.in-magazines.com\/magazine\/?s={search_term_string}\",\"query-input\":\"required name=search_term_string\"}],\"inLanguage\":\"fr-FR\"},{\"@type\":\"ImageObject\",\"@id\":\"https:\/\/www.in-magazines.com\/magazine\/#primaryimage\",\"inLanguage\":\"fr-FR\",\"url\":\"https:\/\/www.in-magazines.com\/magazine\/wp-content\/uploads\/2021\/05\/inmag-gold-w.png\",\"contentUrl\":\"https:\/\/www.in-magazines.com\/magazine\/wp-content\/uploads\/2021\/05\/inmag-gold-w.png\"},{\"@type\":\"WebPage\",\"@id\":\"https:\/\/www.in-magazines.com\/magazine\/#webpage\",\"url\":\"https:\/\/www.in-magazines.com\/magazine\/\",\"name\":\"Le magazine des entreprises | IN Magazine\",\"isPartOf\":{\"@id\":\"https:\/\/www.in-magazines.com\/magazine\/#website\"},\"primaryImageOfPage\":{\"@id\":\"https:\/\/www.in-magazines.com\/magazine\/#primaryimage\"},\"datePublished\":\"2021-04-27T11:59:54+00:00\",\"dateModified\":\"2024-07-02T14:07:03+00:00\",\"description\":\"Le magazine en ligne IN Magazine vous accompagne tous les deux mois \\u00e0 rencontrer des entreprises et de vous faire conna\\u00eetre leurs activit\\u00e9s.\",\"breadcrumb\":{\"@id\":\"https:\/\/www.in-magazines.com\/magazine\/#breadcrumb\"},\"inLanguage\":\"fr-FR\",\"potentialAction\":[{\"@type\":\"ReadAction\",\"target\":[\"https:\/\/www.in-magazines.com\/magazine\/\"]}]},{\"@type\":\"BreadcrumbList\",\"@id\":\"https:\/\/www.in-magazines.com\/magazine\/#breadcrumb\",\"itemListElement\":[{\"@type\":\"ListItem\",\"position\":1,\"item\":{\"@id\":\"https:\/\/www.in-magazines.com\/magazine\/#webpage\"}}]}]}<\/script>\n<!-- \/ Yoast SEO plugin. -->","_links":{"self":[{"href":"https:\/\/www.in-magazines.com\/magazine\/wp-json\/wp\/v2\/pages\/8"}],"collection":[{"href":"https:\/\/www.in-magazines.com\/magazine\/wp-json\/wp\/v2\/pages"}],"about":[{"href":"https:\/\/www.in-magazines.com\/magazine\/wp-json\/wp\/v2\/types\/page"}],"author":[{"embeddable":true,"href":"https:\/\/www.in-magazines.com\/magazine\/wp-json\/wp\/v2\/users\/1"}],"replies":[{"embeddable":true,"href":"https:\/\/www.in-magazines.com\/magazine\/wp-json\/wp\/v2\/comments?post=8"}],"version-history":[{"count":44,"href":"https:\/\/www.in-magazines.com\/magazine\/wp-json\/wp\/v2\/pages\/8\/revisions"}],"predecessor-version":[{"id":12417,"href":"https:\/\/www.in-magazines.com\/magazine\/wp-json\/wp\/v2\/pages\/8\/revisions\/12417"}],"wp:attachment":[{"href":"https:\/\/www.in-magazines.com\/magazine\/wp-json\/wp\/v2\/media?parent=8"}],"curies":[{"name":"wp","href":"https:\/\/api.w.org\/{rel}","templated":true}]}}